{"id":23435,"date":"2018-01-15T11:38:56","date_gmt":"2018-01-15T14:38:56","guid":{"rendered":"http:\/\/www.guiabutanta.com\/sobre\/?page_id=23435"},"modified":"2018-01-15T11:39:41","modified_gmt":"2018-01-15T14:39:41","slug":"suvis-butanta","status":"publish","type":"page","link":"http:\/\/www.guiabutanta.com\/sobre\/suvis-butanta\/","title":{"rendered":"Suvis Butant\u00e3"},"content":{"rendered":"<p>S\u00e3o unidades descentralizadas da Coordena\u00e7\u00e3o de Vigil\u00e2ncia em Sa\u00fade localizadas nas cinco regi\u00f5es do munic\u00edpio de S\u00e3o Paulo.<\/p>\n<p>As supervis\u00f5es desenvolvem atividades de orienta\u00e7\u00e3o e fiscaliza\u00e7\u00e3o de estabelecimentos que comercializam produtos e prestam servi\u00e7os relacionados \u00e0 sa\u00fade como o com\u00e9rcio varejista de alimentos, drogarias, cl\u00ednicas m\u00e9dicas e odontol\u00f3gicas, institui\u00e7\u00f5es de longa perman\u00eancia para idosos, creches, sal\u00f5es de beleza, cabeleiros e podologia. Desenvolvem tamb\u00e9m a\u00e7\u00f5es educativas e preventivas e realizam de campanhas de vacina\u00e7\u00e3o e de imuniza\u00e7\u00e3o. Veja mais informa\u00e7\u00f5es sobre a <strong>Suvis Butant\u00e3.<\/strong><\/p>\n<p><span style=\"color: #ff0000;\"><img loading=\"lazy\" decoding=\"async\" class=\"alignleft wp-image-23436 size-full\" title=\"Suvis Butant\u00e3\" src=\"http:\/\/www.guiabutanta.com\/sobre\/wp-content\/uploads\/2018\/01\/suvis-butanta.gif\" alt=\"Suvis Butant\u00e3\" width=\"680\" height=\"189\" \/><\/span><\/p>\n<h2><\/h2>\n<h2><\/h2>\n<h2><\/h2>\n<p>&nbsp;<\/p>\n<p>Ao todo, s\u00e3o 26 UVIS, que atuam em tr\u00eas \u00e1reas:<\/p>\n<p>.Vigil\u00e2ncia Ambiental: controle da dengue, roedores e animais sinantr\u00f3picos e vacina\u00e7\u00e3o anti-r\u00e1bica para c\u00e3es e gatos.<\/p>\n<p>. Vigil\u00e2ncia Sanit\u00e1ria: fiscaliza\u00e7\u00e3o de com\u00e9rcio varejista de alimentos, medicamentos e servi\u00e7os de sa\u00fade.<\/p>\n<p>. Vigil\u00e2ncia Epidemiol\u00f3gica: vacina\u00e7\u00e3o e controle de doen\u00e7as epid\u00eamicas.<\/p>\n<h2>Suvis Butant\u00e3 Castra\u00e7\u00e3o Gratuita.<\/h2>\n<p>Donos de c\u00e3es e gatos podem realizar gratuitamente<em> cadastro para esteriliza\u00e7\u00e3o cir\u00fargica de seus animais<\/em> em posto de atendimento da Supervis\u00e3o de Vigil\u00e2ncia e Sa\u00fade (SUVIS). No local, tamb\u00e9m pode ser feito o Registro Geral do Animal (RGA).\u00a0Para o cadastro, o dono deve comparecer ao posto munido de RG, CPF e comprovante de resid\u00eancia atualizado (o benef\u00edcio \u00e9 oferecido apenas a moradores da cidade de S\u00e3o Paulo). N\u00e3o \u00e9 necess\u00e1rio levar o animal ao local.\u00a0A cirurgia acontece em cl\u00ednicas veterin\u00e1rias contratadas por meio do Programa Permanente de Controle Reprodutivo de C\u00e3es e Gatos. Nos machos a cirurgia remove os test\u00edculos da bolsa escrotal, respons\u00e1veis pela produ\u00e7\u00e3o dos espermatozoides, impedindo, assim, a reprodu\u00e7\u00e3o. Nas f\u00eameas o procedimento remove ov\u00e1rios e \u00fatero.<\/p>\n<h3>Hor\u00e1rio de Funcionamento\u00a0Suvis\u00a0no\u00a0Butant\u00e3<\/h3>\n<ul>\n<li>Segunda a Sexta: das 09h \u00e0s 15h<\/li>\n<\/ul>\n<h3>Endere\u00e7o e Telefone\u00a0Suvis no\u00a0Butant\u00e3<\/h3>\n<ul>\n<li>Av. Caxingui, 658 &#8211; Instituto de Previd\u00eancia &#8211; S\u00e3o Paulo &#8211; SP<\/li>\n<li>Telefone: (11)\u00a03721-2227<\/li>\n<\/ul>\n<h3>Outras informa\u00e7\u00f5es e site<\/h3>\n<ul>\n<li>Mais informa\u00e7\u00f5es:\u00a0<a href=\"http:\/\/www.prefeitura.sp.gov.br\/cidade\/secretarias\/saude\/vigilancia_em_saude\/suvis\/index.php?p=7345\" target=\"_blank\" rel=\"noopener noreferrer\">www.prefeitura.sp.gov.br\/cidade\/secretarias\/saude\/vigilancia_em_saude\/suvis\/index.php?p=7345<\/a><\/li>\n<\/ul>\n<h4>Mapa de localiza\u00e7\u00e3o<\/h4>\n<a class=\"wp-colorbox-iframe\" href=\"https:\/\/www.google.com\/maps\/embed?pb=!1m14!1m8!1m3!1d14627.286148119816!2d-46.7121385!3d-23.5748522!3m2!1i1024!2i768!4f13.1!3m3!1m2!1s0x00xbafab5b3f15e354e!2sSuvis+Butant+Superviso+de+Vigilncia+em+Sade!5e0!3m2!1spt-BR!2sbr!4v1516026898609\"><img decoding=\"async\" src=\"http:\/\/www.guiabutanta.com\/imgs\/maps-post.png\"><\/a>\n","protected":false},"excerpt":{"rendered":"<p>S\u00e3o unidades descentralizadas da Coordena\u00e7\u00e3o de Vigil\u00e2ncia em Sa\u00fade localizadas nas cinco regi\u00f5es do munic\u00edpio de S\u00e3o Paulo. As supervis\u00f5es desenvolvem atividades de orienta\u00e7\u00e3o e fiscaliza\u00e7\u00e3o de estabelecimentos que comercializam produtos e prestam servi\u00e7os relacionados \u00e0 sa\u00fade como o com\u00e9rcio varejista de alimentos, drogarias, cl\u00ednicas m\u00e9dicas e odontol\u00f3gicas, institui\u00e7\u00f5es de longa perman\u00eancia para idosos, creches, sal\u00f5es de beleza, cabeleiros e podologia. Desenvolvem tamb\u00e9m a\u00e7\u00f5es educativas e preventivas e realizam de campanhas de vacina\u00e7\u00e3o e de imuniza\u00e7\u00e3o. Veja mais informa\u00e7\u00f5es sobre a Suvis Butant\u00e3. &nbsp; Ao todo, s\u00e3o 26 UVIS, que atuam em tr\u00eas \u00e1reas: .Vigil\u00e2ncia Ambiental: controle da dengue, roedores <\/p>\n","protected":false},"author":1,"featured_media":0,"parent":0,"menu_order":0,"comment_status":"closed","ping_status":"closed","template":"","meta":{"footnotes":""},"class_list":["post-23435","page","type-page","status-publish","hentry"],"aioseo_notices":[],"_links":{"self":[{"href":"http:\/\/www.guiabutanta.com\/sobre\/wp-json\/wp\/v2\/pages\/23435","targetHints":{"allow":["GET"]}}],"collection":[{"href":"http:\/\/www.guiabutanta.com\/sobre\/wp-json\/wp\/v2\/pages"}],"about":[{"href":"http:\/\/www.guiabutanta.com\/sobre\/wp-json\/wp\/v2\/types\/page"}],"author":[{"embeddable":true,"href":"http:\/\/www.guiabutanta.com\/sobre\/wp-json\/wp\/v2\/users\/1"}],"replies":[{"embeddable":true,"href":"http:\/\/www.guiabutanta.com\/sobre\/wp-json\/wp\/v2\/comments?post=23435"}],"version-history":[{"count":0,"href":"http:\/\/www.guiabutanta.com\/sobre\/wp-json\/wp\/v2\/pages\/23435\/revisions"}],"wp:attachment":[{"href":"http:\/\/www.guiabutanta.com\/sobre\/wp-json\/wp\/v2\/media?parent=23435"}],"curies":[{"name":"wp","href":"https:\/\/api.w.org\/{rel}","templated":true}]}}