{"id":23460,"date":"2018-01-18T11:10:42","date_gmt":"2018-01-18T14:10:42","guid":{"rendered":"http:\/\/www.guiabutanta.com\/sobre\/?page_id=23460"},"modified":"2018-01-18T11:10:42","modified_gmt":"2018-01-18T14:10:42","slug":"junta-militar-butanta","status":"publish","type":"page","link":"http:\/\/www.guiabutanta.com\/sobre\/junta-militar-butanta\/","title":{"rendered":"Junta Militar Butant\u00e3"},"content":{"rendered":"<p>O\u00a0<em>Servi\u00e7o Militar Obrigat\u00f3rio<\/em>\u00a0surgiu no\u00a0<em>Brasil<\/em>\u00a0quando o sistema administrativo adotado era o das\u00a0<em>Capitanias Heredit\u00e1rias<\/em>. Desde ent\u00e3o, todos os brasileiros s\u00e3o obrigados a \u201cpegar em armas para sustentar a independ\u00eancia, a integridade do Imp\u00e9rio e defend\u00ea-lo de seus inimigos\u201d, segundo o artigo 147 da Constitui\u00e7\u00e3o de 1824.<\/p>\n<p>Veja mais sobre a\u00a0<strong>Junta Militar Butant\u00e3<\/strong>\u00a0abaixo.<\/p>\n<p><img loading=\"lazy\" decoding=\"async\" class=\"alignnone wp-image-4238 size-full\" title=\"Junta Militar Butant\u00e3\" src=\"http:\/\/www.encontraosasco.com.br\/sobre\/wp-content\/uploads\/2017\/10\/junta-militar-osasco.jpg\" sizes=\"auto, (max-width: 680px) 100vw, 680px\" srcset=\"http:\/\/www.encontraosasco.com.br\/sobre\/wp-content\/uploads\/2017\/10\/junta-militar-osasco.jpg 680w, http:\/\/www.encontraosasco.com.br\/sobre\/wp-content\/uploads\/2017\/10\/junta-militar-osasco-300x83.jpg 300w\" alt=\"Junta Militar Butant\u00e3\" width=\"680\" height=\"189\" \/><\/p>\n<p>Depois da edi\u00e7\u00e3o de leis e decretos em 1918, 1920, 1939 e 1946, a<em>\u00a0Lei do Servi\u00e7o Militar<\/em>\u00a0foi promulgada em agosto de 1964, entrando em vigor no dia 20 de janeiro de 1966, com a publica\u00e7\u00e3o de seu Regulamento.<\/p>\n<div><\/div>\n<p>Assim, todos os jovens do sexo masculino, devem alistar-se no ano em que completam 18 anos de idade na\u00a0<em>Junta de Servi\u00e7o Militar<\/em>\u00a0mais pr\u00f3xima de sua resid\u00eancia. O per\u00edodo de alistamento inicia no primeiro dia \u00fatil do m\u00eas de janeiro e vai at\u00e9 o \u00faltimo dia \u00fatil do m\u00eas de abril. A documenta\u00e7\u00e3o exigida para apresentar-se \u00e0 Junta \u00e9 a certid\u00e3o de nascimento ou RG original, CPF, comprovante de resid\u00eancia e uma foto 3\u00d74 recente.<br \/>\nA partir de julho at\u00e9 novembro ocorre o per\u00edodo de sele\u00e7\u00e3o daqueles que se alistaram entre janeiro e abril, e os alistados em anos anteriores que estejam em d\u00e9bito com o\u00a0<em>Servi\u00e7o Militar<\/em>. Esta sele\u00e7\u00e3o \u00e9 realizada dentro dos aspectos f\u00edsicos, culturais, psicol\u00f3gicos e morais.<\/p>\n<h3>Hor\u00e1rio de Funcionamento Junta Militar\u00a0Butant\u00e3<\/h3>\n<ul>\n<li>De Segunda \u00e0 Sexta: das 07 h \u00e0s 16h<\/li>\n<\/ul>\n<h3>Endere\u00e7o e Telefone Junta Militar\u00a0Butant\u00e3<\/h3>\n<ul>\n<li>Rua Salvador Risol\u00e9u, 231 &#8211; Butant\u00e3\u00a0&#8211; S\u00e3o Paulo &#8211; SP<\/li>\n<li>Telefone: (11)\u00a03397-4577<\/li>\n<\/ul>\n<h4>Outras Informa\u00e7\u00f5es e Site:<\/h4>\n<ul>\n<li>Mais informa\u00e7\u00f5es:\u00a0<a href=\"http:\/\/www.prefeitura.sp.gov.br\/cidade\/secretarias\/seguranca_urbana\/juntas_militares\/juntas\/index.php?p=1838\" target=\"_blank\" rel=\"noopener noreferrer\">www.prefeitura.sp.gov.br\/cidade\/secretarias\/seguranca_urbana\/juntas_militares\/juntas\/index.php?p=1838<\/a><\/li>\n<\/ul>\n<h4>Mapa de localiza\u00e7\u00e3o<\/h4>\n<a class=\"wp-colorbox-iframe\" href=\"https:\/\/www.google.com\/maps\/embed?pb=!1m14!1m8!1m3!1d14625.781615483784!2d-46.7381142!3d-23.588354!3m2!1i1024!2i768!4f13.1!3m3!1m2!1s0x00x4df8d48911cb5d1f!2sJunta+do+Servio+Militar!5e0!3m2!1spt-BR!2sbr!4v1516284526092\"><img decoding=\"async\" src=\"http:\/\/www.guiabutanta.com\/imgs\/maps-post.png\"><\/a>\n","protected":false},"excerpt":{"rendered":"<p>O\u00a0Servi\u00e7o Militar Obrigat\u00f3rio\u00a0surgiu no\u00a0Brasil\u00a0quando o sistema administrativo adotado era o das\u00a0Capitanias Heredit\u00e1rias. Desde ent\u00e3o, todos os brasileiros s\u00e3o obrigados a \u201cpegar em armas para sustentar a independ\u00eancia, a integridade do Imp\u00e9rio e defend\u00ea-lo de seus inimigos\u201d, segundo o artigo 147 da Constitui\u00e7\u00e3o de 1824. Veja mais sobre a\u00a0Junta Militar Butant\u00e3\u00a0abaixo. Depois da edi\u00e7\u00e3o de leis e decretos em 1918, 1920, 1939 e 1946, a\u00a0Lei do Servi\u00e7o Militar\u00a0foi promulgada em agosto de 1964, entrando em vigor no dia 20 de janeiro de 1966, com a publica\u00e7\u00e3o de seu Regulamento. Assim, todos os jovens do sexo masculino, devem alistar-se no ano em <\/p>\n","protected":false},"author":1,"featured_media":0,"parent":0,"menu_order":0,"comment_status":"closed","ping_status":"closed","template":"","meta":{"footnotes":""},"class_list":["post-23460","page","type-page","status-publish","hentry"],"aioseo_notices":[],"_links":{"self":[{"href":"http:\/\/www.guiabutanta.com\/sobre\/wp-json\/wp\/v2\/pages\/23460","targetHints":{"allow":["GET"]}}],"collection":[{"href":"http:\/\/www.guiabutanta.com\/sobre\/wp-json\/wp\/v2\/pages"}],"about":[{"href":"http:\/\/www.guiabutanta.com\/sobre\/wp-json\/wp\/v2\/types\/page"}],"author":[{"embeddable":true,"href":"http:\/\/www.guiabutanta.com\/sobre\/wp-json\/wp\/v2\/users\/1"}],"replies":[{"embeddable":true,"href":"http:\/\/www.guiabutanta.com\/sobre\/wp-json\/wp\/v2\/comments?post=23460"}],"version-history":[{"count":0,"href":"http:\/\/www.guiabutanta.com\/sobre\/wp-json\/wp\/v2\/pages\/23460\/revisions"}],"wp:attachment":[{"href":"http:\/\/www.guiabutanta.com\/sobre\/wp-json\/wp\/v2\/media?parent=23460"}],"curies":[{"name":"wp","href":"https:\/\/api.w.org\/{rel}","templated":true}]}}