{"id":23495,"date":"2018-01-22T21:35:28","date_gmt":"2018-01-23T00:35:28","guid":{"rendered":"http:\/\/www.guiabutanta.com\/sobre\/?page_id=23495"},"modified":"2018-01-23T12:01:17","modified_gmt":"2018-01-23T15:01:17","slug":"caps-butanta","status":"publish","type":"page","link":"http:\/\/www.guiabutanta.com\/sobre\/caps-butanta\/","title":{"rendered":"CAPS Butant\u00e3"},"content":{"rendered":"<p><em>CAPS<\/em>\u00a0s\u00e3o os\u00a0<em>Centros de Apoio PsicoSocial<\/em>\u00a0que tratam da sa\u00fade mental de adultos.\u00a0Veja mais sobre o\u00a0<strong>CAPS Butant\u00e3\u00a0<\/strong>abaixo.<\/p>\n<p><img loading=\"lazy\" decoding=\"async\" class=\"alignleft wp-image-23508 size-full\" title=\"CAPS Butant\u00e3\" src=\"http:\/\/www.guiabutanta.com\/sobre\/wp-content\/uploads\/2018\/01\/caps-butanta.gif\" alt=\"CAPS Butant\u00e3\" width=\"680\" height=\"189\" \/><\/p>\n<div><\/div>\n<div><\/div>\n<div><\/div>\n<div><\/div>\n<div><\/div>\n<div><\/div>\n<div><\/div>\n<div><\/div>\n<div><\/div>\n<div>O\u00a0<em>Caps<\/em>\u00a0pretende ser um lugar de acolhimento para pessoas com sofrimento ps\u00edquico. Tem como objetivo reinser\u00e7\u00e3o psicossocial e melhora da qualidade de vida.<\/div>\n<h3>\u00a0CAPS\u00a0Butant\u00e3 Adulto<\/h3>\n<p><em>Atendimento a pessoas<\/em> de transtornos mentais severos e persistentes, assim como suporte terap\u00eautico as suas\u00a0<em>fam\u00edlias<\/em>. Conta com equipe multidisciplinar constitu\u00edda por psiquiatra, psic\u00f3loga, assistente social, terapeuta ocupacional e equipe de enfermagem.<\/p>\n<h3>\u00a0CAPS\u00a0Butant\u00e3 Servi\u00e7os<\/h3>\n<p><em>Oferece acompanhamento cl\u00ednico<\/em> e promove a reinser\u00e7\u00e3o social dos usu\u00e1rios atrav\u00e9s de aten\u00e7\u00e3o multidisciplinar com psiquiatra, neurologista, enfermeiro, nutricionista, psic\u00f3logo, assistente social, monitores, etc. Al\u00e9m de oferecer oficinas culturais, atividades esportivas, artesanato e a\u00e7\u00f5es dirigidas tamb\u00e9m \u00e0 fam\u00edlia.<\/p>\n<h3>Hor\u00e1rio de Funcionamento CAPS\u00a0Butant\u00e3<\/h3>\n<ul>\n<li>Segunda a Sexta das 07h \u00e0s 18h<\/li>\n<\/ul>\n<h3>Endere\u00e7o e Telefone CAPS\u00a0Butant\u00e3<\/h3>\n<ul>\n<li>R. Osc\u00e1r Pinheiro Coelho, 287 &#8211; Butant\u00e3\u00a0&#8211; S\u00e3o Paulo &#8211; SP<\/li>\n<li>Telefone: (11)\u00a03727-1819<\/li>\n<\/ul>\n<h4>Outras Informa\u00e7\u00f5es e Site:<\/h4>\n<ul>\n<li>Mais informa\u00e7\u00f5es:\u00a0<a href=\"https:\/\/ubsjardimdabril.wordpress.com\/guia-de-servicos\/saude\/caps-i-adulto-butanta\/\" target=\"_blank\" rel=\"noopener noreferrer\">www.ubsjardimdabril.wordpress.com\/guia-de-servicos\/saude\/caps-i-adulto-butanta\/ia.aspx?ID=29&amp;IDSUB=283<\/a><\/li>\n<li>E-mail: caps1adbutant@<span class=\"skimlinks-unlinked\">saude.prefeitura.sp.gov.br<\/span><\/li>\n<\/ul>\n<h4>Mapa de localiza\u00e7\u00e3o<\/h4>\n<a class=\"wp-colorbox-iframe\" href=\"https:\/\/www.google.com\/maps\/embed?pb=!1m14!1m8!1m3!1d14626.453093664664!2d-46.7191001!3d-23.582329!3m2!1i1024!2i768!4f13.1!3m3!1m2!1s0x00xf34190ee19154cb3!2sCaps+Adulto+Butant!5e0!3m2!1spt-BR!2sbr!4v1516667686232\"><img decoding=\"async\" src=\"http:\/\/www.guiabutanta.com\/imgs\/maps-post.png\"><\/a>\n","protected":false},"excerpt":{"rendered":"<p>CAPS\u00a0s\u00e3o os\u00a0Centros de Apoio PsicoSocial\u00a0que tratam da sa\u00fade mental de adultos.\u00a0Veja mais sobre o\u00a0CAPS Butant\u00e3\u00a0abaixo. O\u00a0Caps\u00a0pretende ser um lugar de acolhimento para pessoas com sofrimento ps\u00edquico. Tem como objetivo reinser\u00e7\u00e3o psicossocial e melhora da qualidade de vida. \u00a0CAPS\u00a0Butant\u00e3 Adulto Atendimento a pessoas de transtornos mentais severos e persistentes, assim como suporte terap\u00eautico as suas\u00a0fam\u00edlias. Conta com equipe multidisciplinar constitu\u00edda por psiquiatra, psic\u00f3loga, assistente social, terapeuta ocupacional e equipe de enfermagem. \u00a0CAPS\u00a0Butant\u00e3 Servi\u00e7os Oferece acompanhamento cl\u00ednico e promove a reinser\u00e7\u00e3o social dos usu\u00e1rios atrav\u00e9s de aten\u00e7\u00e3o multidisciplinar com psiquiatra, neurologista, enfermeiro, nutricionista, psic\u00f3logo, assistente social, monitores, etc. Al\u00e9m de oferecer oficinas <\/p>\n","protected":false},"author":1,"featured_media":0,"parent":0,"menu_order":0,"comment_status":"closed","ping_status":"closed","template":"","meta":{"footnotes":""},"class_list":["post-23495","page","type-page","status-publish","hentry"],"aioseo_notices":[],"_links":{"self":[{"href":"http:\/\/www.guiabutanta.com\/sobre\/wp-json\/wp\/v2\/pages\/23495","targetHints":{"allow":["GET"]}}],"collection":[{"href":"http:\/\/www.guiabutanta.com\/sobre\/wp-json\/wp\/v2\/pages"}],"about":[{"href":"http:\/\/www.guiabutanta.com\/sobre\/wp-json\/wp\/v2\/types\/page"}],"author":[{"embeddable":true,"href":"http:\/\/www.guiabutanta.com\/sobre\/wp-json\/wp\/v2\/users\/1"}],"replies":[{"embeddable":true,"href":"http:\/\/www.guiabutanta.com\/sobre\/wp-json\/wp\/v2\/comments?post=23495"}],"version-history":[{"count":0,"href":"http:\/\/www.guiabutanta.com\/sobre\/wp-json\/wp\/v2\/pages\/23495\/revisions"}],"wp:attachment":[{"href":"http:\/\/www.guiabutanta.com\/sobre\/wp-json\/wp\/v2\/media?parent=23495"}],"curies":[{"name":"wp","href":"https:\/\/api.w.org\/{rel}","templated":true}]}}