{"id":23516,"date":"2018-01-27T10:59:19","date_gmt":"2018-01-27T13:59:19","guid":{"rendered":"http:\/\/www.guiabutanta.com\/sobre\/?page_id=23516"},"modified":"2018-01-27T11:00:07","modified_gmt":"2018-01-27T14:00:07","slug":"correios-butanta","status":"publish","type":"page","link":"http:\/\/www.guiabutanta.com\/sobre\/correios-butanta\/","title":{"rendered":"Correios Butant\u00e3"},"content":{"rendered":"<p>Sua correspond\u00eancia entregue com efici\u00eancia atrav\u00e9s das ag\u00eancias dos Correios localizadas na cidade de Sorocaba.\u00a0A maioria\u00a0das ag\u00eancias dos Correios no Butant\u00e3 funcionam de Segunda a Sexta-feira das 8h \u00e0s 17 horas.<\/p>\n<p>J\u00e1 suas entregas ser\u00e3o feitas de acordo com a data de postagem e servi\u00e7o contratado no ato do envio. Confira abaixo a rela\u00e7\u00e3o de\u00a0<strong>Ag\u00eancias dos Correios no Butant\u00e3:<\/strong><\/p>\n<p><img loading=\"lazy\" decoding=\"async\" class=\"alignnone wp-image-5972 size-full\" title=\"Correios Butant\u00e3\" src=\"http:\/\/www.encontrasorocaba.com.br\/sobre\/wp-content\/uploads\/correios-em-sorocaba.jpg\" sizes=\"auto, (max-width: 680px) 100vw, 680px\" srcset=\"http:\/\/www.encontrasorocaba.com.br\/sobre\/wp-content\/uploads\/correios-em-sorocaba.jpg 680w, http:\/\/www.encontrasorocaba.com.br\/sobre\/wp-content\/uploads\/correios-em-sorocaba-300x83.jpg 300w\" alt=\"Correios Butant\u00e3\" width=\"680\" height=\"189\" \/><\/p>\n<h3>Lista de Correios\u00a0no Butant\u00e3<\/h3>\n<div class=\"lista-gratuito\">\n<p><strong>Ag\u00eancia Rua Butant\u00e3<\/strong>\u00a0\u2013 R. Butant\u00e3, 235<\/p>\n<\/div>\n<div class=\"lista-gratuito2\">\n<p><strong>Ag\u00eancia Vital<\/strong>\u00a0\u2013 Av. Vital Brasil, 479<\/p>\n<\/div>\n<div class=\"lista-gratuito\">\n<p><strong>Ag\u00eancia Corifeu<\/strong>\u00a0\u2013 Av. Corifeu de Azevedo Marques, 1383\u00a0 \u2013 Telefone:\u00a0(11) 3726-4645<\/p>\n<\/div>\n<div class=\"lista-gratuito2\">\n<p><strong>Vila Progredior\u00a0\u2013 <span class=\"_xdb\">\u00a0<\/span><\/strong><span class=\"_Xbe\">R. Dr. Cl\u00f3vis de Oliveira, 100\u00a0<\/span>\u00a0\u2013 Telefone: (11) 3721-4126<\/p>\n<\/div>\n<div class=\"lista-gratuito\">\n<p><strong>Butant\u00e3\u00a0\u2013 <\/strong>R. Des. Armando Fairbanks, 280\u00a0\u2013 Telefone:\u00a0(11) 3812-4682<\/p>\n<\/div>\n<div class=\"lista-gratuito2\">\n<p><strong>Ag\u00eancia Corifeu 2<\/strong>\u00a0\u2013 Av. Corifeu de Azevedo Marques, 1101\u00a0 \u2013 Telefone:(11) 3726-2641<\/p>\n<\/div>\n","protected":false},"excerpt":{"rendered":"<p>Sua correspond\u00eancia entregue com efici\u00eancia atrav\u00e9s das ag\u00eancias dos Correios localizadas na cidade de Sorocaba.\u00a0A maioria\u00a0das ag\u00eancias dos Correios no Butant\u00e3 funcionam de Segunda a Sexta-feira das 8h \u00e0s 17 horas. J\u00e1 suas entregas ser\u00e3o feitas de acordo com a data de postagem e servi\u00e7o contratado no ato do envio. Confira abaixo a rela\u00e7\u00e3o de\u00a0Ag\u00eancias dos Correios no Butant\u00e3: Lista de Correios\u00a0no Butant\u00e3 Ag\u00eancia Rua Butant\u00e3\u00a0\u2013 R. Butant\u00e3, 235 Ag\u00eancia Vital\u00a0\u2013 Av. Vital Brasil, 479 Ag\u00eancia Corifeu\u00a0\u2013 Av. Corifeu de Azevedo Marques, 1383\u00a0 \u2013 Telefone:\u00a0(11) 3726-4645 Vila Progredior\u00a0\u2013 \u00a0R. Dr. Cl\u00f3vis de Oliveira, 100\u00a0\u00a0\u2013 Telefone: (11) 3721-4126 Butant\u00e3\u00a0\u2013 R. Des. <\/p>\n","protected":false},"author":1,"featured_media":0,"parent":0,"menu_order":0,"comment_status":"closed","ping_status":"closed","template":"","meta":{"footnotes":""},"class_list":["post-23516","page","type-page","status-publish","hentry"],"aioseo_notices":[],"_links":{"self":[{"href":"http:\/\/www.guiabutanta.com\/sobre\/wp-json\/wp\/v2\/pages\/23516","targetHints":{"allow":["GET"]}}],"collection":[{"href":"http:\/\/www.guiabutanta.com\/sobre\/wp-json\/wp\/v2\/pages"}],"about":[{"href":"http:\/\/www.guiabutanta.com\/sobre\/wp-json\/wp\/v2\/types\/page"}],"author":[{"embeddable":true,"href":"http:\/\/www.guiabutanta.com\/sobre\/wp-json\/wp\/v2\/users\/1"}],"replies":[{"embeddable":true,"href":"http:\/\/www.guiabutanta.com\/sobre\/wp-json\/wp\/v2\/comments?post=23516"}],"version-history":[{"count":0,"href":"http:\/\/www.guiabutanta.com\/sobre\/wp-json\/wp\/v2\/pages\/23516\/revisions"}],"wp:attachment":[{"href":"http:\/\/www.guiabutanta.com\/sobre\/wp-json\/wp\/v2\/media?parent=23516"}],"curies":[{"name":"wp","href":"https:\/\/api.w.org\/{rel}","templated":true}]}}