{"id":23534,"date":"2018-02-01T20:29:58","date_gmt":"2018-02-01T23:29:58","guid":{"rendered":"http:\/\/www.guiabutanta.com\/sobre\/?page_id=23534"},"modified":"2018-02-01T20:31:43","modified_gmt":"2018-02-01T23:31:43","slug":"casa-da-cultura-butanta","status":"publish","type":"page","link":"http:\/\/www.guiabutanta.com\/sobre\/casa-da-cultura-butanta\/","title":{"rendered":"Casa da Cultura Butant\u00e3"},"content":{"rendered":"<p>A <strong>Casa de Cultura do Butant\u00e3<\/strong>, oferece diversas oficinas gratuitas \u00e0 comunidade.\u00a0A Casa tamb\u00e9m promove eventos como sarau,shows, espet\u00e1culos e exposi\u00e7\u00f5es gratuitos.<\/p>\n<p><span style=\"color: #ff0000;\"><img loading=\"lazy\" decoding=\"async\" class=\"size-full wp-image-23535 alignleft\" src=\"http:\/\/www.guiabutanta.com\/sobre\/wp-content\/uploads\/2018\/02\/casa-da-cultura-butanta.gif\" alt=\"\" width=\"680\" height=\"189\" \/><\/span><\/p>\n<h2><\/h2>\n<h2><\/h2>\n<h2><\/h2>\n<h2><\/h2>\n<h2>Casa de Cultura Butant\u00e3\u00a0Programa\u00e7\u00e3o<\/h2>\n<p>Acesse o Facebook da Casa da Cultura e veja os <em>eventos da semana<\/em>.<\/p>\n<h3>Hor\u00e1rio de Funcionamento\u00a0Casa de Cultura\u00a0no\u00a0Butant\u00e3<\/h3>\n<ul>\n<li>Segunda a S\u00e1bado: das 08h \u00e0s 21h<\/li>\n<li>Domingo: das 13h \u00e0s 21h<\/li>\n<\/ul>\n<h3>Endere\u00e7o e Telefone XX no\u00a0Butant\u00e3<\/h3>\n<ul>\n<li>Av. Junta Mizumoto, 13 &#8211; Jardim Peri Peri &#8211; S\u00e3o Paulo &#8211; SP<\/li>\n<li>Telefone: (11)\u00a03742-6218<\/li>\n<\/ul>\n<h3>Outras informa\u00e7\u00f5es e site<\/h3>\n<ul>\n<li>Mais informa\u00e7\u00f5es:\u00a0<a href=\"https:\/\/www.facebook.com\/ccbutanta\/\" target=\"_blank\" rel=\"noopener noreferrer\">www.facebook.com\/ccbutanta<\/a><\/li>\n<\/ul>\n<h4>Mapa de localiza\u00e7\u00e3o<\/h4>\n<a class=\"wp-colorbox-iframe\" href=\"https:\/\/www.google.com\/maps\/embed?pb=!1m14!1m8!1m3!1d14625.93225241928!2d-46.732738!3d-23.5870025!3m2!1i1024!2i768!4f13.1!3m3!1m2!1s0x00x362511e5b9b2d88!2sCasa+de+Cultura+do+Butant!5e0!3m2!1spt-BR!2sbr!4v1517527571226\"><img decoding=\"async\" src=\"http:\/\/www.guiabutanta.com\/imgs\/maps-post.png\"><\/a>\n","protected":false},"excerpt":{"rendered":"<p>A Casa de Cultura do Butant\u00e3, oferece diversas oficinas gratuitas \u00e0 comunidade.\u00a0A Casa tamb\u00e9m promove eventos como sarau,shows, espet\u00e1culos e exposi\u00e7\u00f5es gratuitos. Casa de Cultura Butant\u00e3\u00a0Programa\u00e7\u00e3o Acesse o Facebook da Casa da Cultura e veja os eventos da semana. Hor\u00e1rio de Funcionamento\u00a0Casa de Cultura\u00a0no\u00a0Butant\u00e3 Segunda a S\u00e1bado: das 08h \u00e0s 21h Domingo: das 13h \u00e0s 21h Endere\u00e7o e Telefone XX no\u00a0Butant\u00e3 Av. Junta Mizumoto, 13 &#8211; Jardim Peri Peri &#8211; S\u00e3o Paulo &#8211; SP Telefone: (11)\u00a03742-6218 Outras informa\u00e7\u00f5es e site Mais informa\u00e7\u00f5es:\u00a0www.facebook.com\/ccbutanta Mapa de localiza\u00e7\u00e3o<\/p>\n","protected":false},"author":1,"featured_media":0,"parent":0,"menu_order":0,"comment_status":"closed","ping_status":"closed","template":"","meta":{"footnotes":""},"class_list":["post-23534","page","type-page","status-publish","hentry"],"aioseo_notices":[],"_links":{"self":[{"href":"http:\/\/www.guiabutanta.com\/sobre\/wp-json\/wp\/v2\/pages\/23534","targetHints":{"allow":["GET"]}}],"collection":[{"href":"http:\/\/www.guiabutanta.com\/sobre\/wp-json\/wp\/v2\/pages"}],"about":[{"href":"http:\/\/www.guiabutanta.com\/sobre\/wp-json\/wp\/v2\/types\/page"}],"author":[{"embeddable":true,"href":"http:\/\/www.guiabutanta.com\/sobre\/wp-json\/wp\/v2\/users\/1"}],"replies":[{"embeddable":true,"href":"http:\/\/www.guiabutanta.com\/sobre\/wp-json\/wp\/v2\/comments?post=23534"}],"version-history":[{"count":0,"href":"http:\/\/www.guiabutanta.com\/sobre\/wp-json\/wp\/v2\/pages\/23534\/revisions"}],"wp:attachment":[{"href":"http:\/\/www.guiabutanta.com\/sobre\/wp-json\/wp\/v2\/media?parent=23534"}],"curies":[{"name":"wp","href":"https:\/\/api.w.org\/{rel}","templated":true}]}}