{"id":23553,"date":"2018-02-07T17:29:54","date_gmt":"2018-02-07T20:29:54","guid":{"rendered":"http:\/\/www.guiabutanta.com\/sobre\/?page_id=23553"},"modified":"2018-02-07T17:29:54","modified_gmt":"2018-02-07T20:29:54","slug":"etec-butanta","status":"publish","type":"page","link":"http:\/\/www.guiabutanta.com\/sobre\/etec-butanta\/","title":{"rendered":"ETEC Butant\u00e3"},"content":{"rendered":"<p>A\u00a0<strong>ETEC Butant\u00e3<\/strong>\u00a0\u00e9 uma escola p\u00fablica de qualidade. \u00c9 uma das melhores escolas do pa\u00eds. Esse sucesso \u00e9 resultado do trabalho coletivo desenvolvido por pais, professores, funcion\u00e1rios, alunos e pela equipe de dire\u00e7\u00e3o ao longo dos 27 anos de sua hist\u00f3ria.\u00a0\u00a0A hist\u00f3ria desse sonho deve continuar. Isso depende de todos que defendem uma educa\u00e7\u00e3o verdadeiramente transformadora e de qualidade. Seja um etespiano: sonhe e participe das decis\u00f5es n\u00e3o apenas para manter a qualidade do ensino da ETEC, mas para que possamos juntos melhorar a qualidade da educa\u00e7\u00e3o p\u00fablica do nosso pa\u00eds.<\/p>\n<p><span style=\"color: #ff0000;\"><img loading=\"lazy\" decoding=\"async\" class=\"alignleft wp-image-23552 size-full\" title=\"ETEC Butant\u00e3\" src=\"http:\/\/www.guiabutanta.com\/sobre\/wp-content\/uploads\/2018\/02\/etec-butanta.gif\" alt=\"ETEC Butant\u00e3\" width=\"680\" height=\"189\" \/><\/span><\/p>\n<h2><\/h2>\n<h2><\/h2>\n<h2><\/h2>\n<h2><\/h2>\n<h2>Etec &#8211; Extens\u00e3o C\u00e9u Butant\u00e3 Cursos<\/h2>\n<p>A ETEC Butant\u00e3 oferece o\u00a0<em>curso<\/em>\u00a0de Recursos Humanos no per\u00edodo noturno.<\/p>\n<h3>Hor\u00e1rio de Funcionamento\u00a0ETEC no\u00a0Butant\u00e3<\/h3>\n<ul>\n<li>Segunda a Sexta: das 08h \u00e0s 20h<\/li>\n<\/ul>\n<h3>Endere\u00e7o e Telefone\u00a0ETEC no\u00a0Butant\u00e3<\/h3>\n<ul>\n<li>Av. Eng. Heitor Ant\u00f4nio Eiras Garc\u00eda, 1870 &#8211; Jardim Esmeralda &#8211; S\u00e3o Paulo &#8211; SP<\/li>\n<li>Telefone: (11) 3326-0993<\/li>\n<\/ul>\n<h3>Outras informa\u00e7\u00f5es e site<\/h3>\n<ul>\n<li>Mais informa\u00e7\u00f5es:\u00a0<a href=\"https:\/\/www.vestibulinhoetec.com.br\/unidades-cursos\/escola.asp?c=384\" target=\"_blank\" rel=\"noopener noreferrer\">www.vestibulinhoetec.com.br\/unidades-cursos\/escola.asp?c=384<\/a><\/li>\n<li>E-mail:\u00a0etesp@etesaopaulo.com.br<\/li>\n<\/ul>\n<h4>Mapa de localiza\u00e7\u00e3o<\/h4>\nPlease specify the URL of your media file that you wish to pop up in lightbox\n","protected":false},"excerpt":{"rendered":"<p>A\u00a0ETEC Butant\u00e3\u00a0\u00e9 uma escola p\u00fablica de qualidade. \u00c9 uma das melhores escolas do pa\u00eds. Esse sucesso \u00e9 resultado do trabalho coletivo desenvolvido por pais, professores, funcion\u00e1rios, alunos e pela equipe de dire\u00e7\u00e3o ao longo dos 27 anos de sua hist\u00f3ria.\u00a0\u00a0A hist\u00f3ria desse sonho deve continuar. Isso depende de todos que defendem uma educa\u00e7\u00e3o verdadeiramente transformadora e de qualidade. Seja um etespiano: sonhe e participe das decis\u00f5es n\u00e3o apenas para manter a qualidade do ensino da ETEC, mas para que possamos juntos melhorar a qualidade da educa\u00e7\u00e3o p\u00fablica do nosso pa\u00eds. Etec &#8211; Extens\u00e3o C\u00e9u Butant\u00e3 Cursos A ETEC Butant\u00e3 oferece <\/p>\n","protected":false},"author":1,"featured_media":0,"parent":0,"menu_order":0,"comment_status":"closed","ping_status":"closed","template":"","meta":{"footnotes":""},"class_list":["post-23553","page","type-page","status-publish","hentry"],"aioseo_notices":[],"_links":{"self":[{"href":"http:\/\/www.guiabutanta.com\/sobre\/wp-json\/wp\/v2\/pages\/23553","targetHints":{"allow":["GET"]}}],"collection":[{"href":"http:\/\/www.guiabutanta.com\/sobre\/wp-json\/wp\/v2\/pages"}],"about":[{"href":"http:\/\/www.guiabutanta.com\/sobre\/wp-json\/wp\/v2\/types\/page"}],"author":[{"embeddable":true,"href":"http:\/\/www.guiabutanta.com\/sobre\/wp-json\/wp\/v2\/users\/1"}],"replies":[{"embeddable":true,"href":"http:\/\/www.guiabutanta.com\/sobre\/wp-json\/wp\/v2\/comments?post=23553"}],"version-history":[{"count":0,"href":"http:\/\/www.guiabutanta.com\/sobre\/wp-json\/wp\/v2\/pages\/23553\/revisions"}],"wp:attachment":[{"href":"http:\/\/www.guiabutanta.com\/sobre\/wp-json\/wp\/v2\/media?parent=23553"}],"curies":[{"name":"wp","href":"https:\/\/api.w.org\/{rel}","templated":true}]}}