{"id":10,"date":"2013-08-21T15:50:46","date_gmt":"2013-08-21T18:50:46","guid":{"rendered":"http:\/\/www.guiabutanta.com\/instituto-butantan\/?page_id=10"},"modified":"2015-10-01T10:08:31","modified_gmt":"2015-10-01T13:08:31","slug":"vacinas","status":"publish","type":"page","link":"https:\/\/www.guiabutanta.com\/instituto-butantan\/vacinas\/","title":{"rendered":"Vacinas"},"content":{"rendered":"<p style=\"text-align: justify;\">Ligado \u00e0 Secretaria de Estado da Sa\u00fade de S\u00e3o Paulo, o <strong><a href=\"http:\/\/www.guiabutanta.com\/instituto-butantan\/\" target=\"_blank\">Instituto Butantan<\/a><\/strong> tem entre seus principais objetivos suprir a demanda de soros e vacinas da Sa\u00fade P\u00fablica no Brasil. Os imunobiol\u00f3gicos s\u00e3o destinados ao Minist\u00e9rio da Sa\u00fade, que por sua vez faz a distribui\u00e7\u00e3o gratuita \u00e0 popula\u00e7\u00e3o atrav\u00e9s do Sistema \u00danico de Sa\u00fade (SUS).<\/p>\n<p style=\"text-align: justify;\">Os trabalhos do setor de <strong><a href=\"http:\/\/www.guiabutanta.com\/instituto-butantan\/vacinas\/\" target=\"_blank\">Sa\u00fade e Produ\u00e7\u00e3o<\/a><\/strong> s\u00e3o realizados nas modernas f\u00e1bricas instaladas na sede do Butantan e tamb\u00e9m na Fazenda S\u00e3o Joaquim, uma propriedade localizada no munic\u00edpio de Ara\u00e7ariguama. L\u00e1 s\u00e3o mantidos 800 cavalos cuja fun\u00e7\u00e3o \u00e9 gerar os anticorpos dos soros curativos.<\/p>\n<p style=\"text-align: center;\"><a href=\"http:\/\/www.guiabutanta.com\/instituto-butantan\/vacinas\/\" target=\"_blank\"><img loading=\"lazy\" decoding=\"async\" class=\"alignnone wp-image-844\" title=\"Vacina Instituto Butantan\" src=\"http:\/\/www.guiabutanta.com\/instituto-butantan\/wp-content\/uploads\/2013\/08\/vacina-instituto-butantan.jpg\" alt=\"vacina-instituto-butantan\" width=\"350\" height=\"249\" srcset=\"https:\/\/www.guiabutanta.com\/instituto-butantan\/wp-content\/uploads\/2013\/08\/vacina-instituto-butantan.jpg 400w, https:\/\/www.guiabutanta.com\/instituto-butantan\/wp-content\/uploads\/2013\/08\/vacina-instituto-butantan-300x214.jpg 300w\" sizes=\"auto, (max-width: 350px) 100vw, 350px\" \/><\/a><\/p>\n<p style=\"text-align: justify;\">Al\u00e9m destes dois p\u00f3los de produ\u00e7\u00e3o, o <em><a href=\"https:\/\/pt.wikipedia.org\/wiki\/Instituto_Butantan\" target=\"_blank\">Instituto Butantan<\/a><\/em> mant\u00e9m o Centro de Biotecnologia, um local formado por recursos modernos e pesquisadores renomados que concentram seus esfor\u00e7os na realiza\u00e7\u00e3o de pesquisas avan\u00e7adas.<\/p>\n<p style=\"text-align: justify;\">Abaixo voc\u00ea pode conferir todos os imunol\u00f3gicos disponibilizados ao SUS e tamb\u00e9m os produtos que est\u00e3o em fase de produ\u00e7\u00e3o:<\/p>\n<h2><span style=\"color: #008000;\"><b>Vacinas no Instituto Butantan<\/b><\/span><\/h2>\n<p>Dupla infantil (Difteria e T\u00e9tano) (Pedi\u00e1trico)<\/p>\n<p>Dupla Adulto (Difteria e T\u00e9tato) (Adulto<\/p>\n<p>Tr\u00edplice (Difteria, T\u00e9tano e Pertussis)<\/p>\n<p>Hepatite B recombinante<\/p>\n<h2 style=\"text-align: justify;\"><span style=\"color: #008000;\"><b>Soros no Insituto Butantan<\/b><\/span><\/h2>\n<p style=\"text-align: justify;\">Anti-botr\u00f3pico<\/p>\n<p style=\"text-align: justify;\">Anti-crot\u00e1lico<\/p>\n<p style=\"text-align: justify;\">Anti-botr\u00f3pico-crot\u00e1lico<\/p>\n<p style=\"text-align: justify;\">Anti-elap\u00eddico<\/p>\n<p style=\"text-align: justify;\">Anti-botr\u00f3pico-laqu\u00e9tico<\/p>\n<p style=\"text-align: justify;\">Anti-escorpi\u00f4nico<\/p>\n<p style=\"text-align: justify;\">Anti-aracn\u00eddico<\/p>\n<p style=\"text-align: justify;\">Anti-lon\u00f4mico<\/p>\n<p style=\"text-align: justify;\">Anti-dift\u00e9rico<\/p>\n<p style=\"text-align: justify;\">Anti-tet\u00e2nico<\/p>\n<p style=\"text-align: justify;\">Anti-botul\u00ednico A, B e E<\/p>\n<p style=\"text-align: justify;\">Anti-r\u00e1bico<\/p>\n<p style=\"text-align: justify;\">Imunoglobulina Anti-timocit\u00e1ria<\/p>\n<h2 style=\"text-align: justify;\"><span style=\"color: #008000;\"><b>Produtos em Desenvolvimento<\/b><\/span><\/h2>\n<p style=\"text-align: justify;\">Adjuvante MPLAp<\/p>\n<p style=\"text-align: justify;\">Soro Anti-abelha africanizada<\/p>\n<p style=\"text-align: justify;\">Hemoderivados<\/p>\n<p style=\"text-align: justify;\">Vacinas Influenza sazonal, H1N1, e H5N1<\/p>\n<p style=\"text-align: justify;\">Vacina contra Raiva (produzida em C\u00e9lula VERO)<\/p>\n<p style=\"text-align: justify;\">Vacina pentavalente contra Rotav\u00edrus<\/p>\n<p style=\"text-align: justify;\">Vacina tretavalente contra Dengue<\/p>\n<p style=\"text-align: justify;\">Vacina Leishmaniose canina<\/p>\n<p style=\"text-align: justify;\">Biof\u00e1rmaco Monoclonal Anti-CD3<\/p>\n<p style=\"text-align: justify;\">Biof\u00e1rmaco Surfactante pulmonar<\/p>\n","protected":false},"excerpt":{"rendered":"<p>Ligado \u00e0 Secretaria de Estado da Sa\u00fade de S\u00e3o Paulo, o Instituto Butantan tem entre seus principais objetivos suprir a demanda de soros e vacinas da Sa\u00fade P\u00fablica no Brasil. Os imunobiol\u00f3gicos s\u00e3o destinados ao Minist\u00e9rio da Sa\u00fade, que por&hellip;  <\/p>\n<p class=\"more-link\"><a href=\"https:\/\/www.guiabutanta.com\/instituto-butantan\/vacinas\/\">Continue lendo <span class=\"meta-nav\">&rarr;<\/span><\/a><\/p>\n","protected":false},"author":1,"featured_media":0,"parent":0,"menu_order":7,"comment_status":"open","ping_status":"open","template":"","meta":{"footnotes":""},"class_list":["post-10","page","type-page","status-publish","hentry"],"aioseo_notices":[],"_links":{"self":[{"href":"https:\/\/www.guiabutanta.com\/instituto-butantan\/wp-json\/wp\/v2\/pages\/10","targetHints":{"allow":["GET"]}}],"collection":[{"href":"https:\/\/www.guiabutanta.com\/instituto-butantan\/wp-json\/wp\/v2\/pages"}],"about":[{"href":"https:\/\/www.guiabutanta.com\/instituto-butantan\/wp-json\/wp\/v2\/types\/page"}],"author":[{"embeddable":true,"href":"https:\/\/www.guiabutanta.com\/instituto-butantan\/wp-json\/wp\/v2\/users\/1"}],"replies":[{"embeddable":true,"href":"https:\/\/www.guiabutanta.com\/instituto-butantan\/wp-json\/wp\/v2\/comments?post=10"}],"version-history":[{"count":12,"href":"https:\/\/www.guiabutanta.com\/instituto-butantan\/wp-json\/wp\/v2\/pages\/10\/revisions"}],"predecessor-version":[{"id":311,"href":"https:\/\/www.guiabutanta.com\/instituto-butantan\/wp-json\/wp\/v2\/pages\/10\/revisions\/311"}],"wp:attachment":[{"href":"https:\/\/www.guiabutanta.com\/instituto-butantan\/wp-json\/wp\/v2\/media?parent=10"}],"curies":[{"name":"wp","href":"https:\/\/api.w.org\/{rel}","templated":true}]}}