{"id":1079,"date":"2016-01-11T12:15:40","date_gmt":"2016-01-11T14:15:40","guid":{"rendered":"http:\/\/www.guiabutanta.com\/instituto-butantan\/?page_id=1079"},"modified":"2018-05-18T09:13:01","modified_gmt":"2018-05-18T12:13:01","slug":"quem-somos","status":"publish","type":"page","link":"https:\/\/www.guiabutanta.com\/instituto-butantan\/quem-somos\/","title":{"rendered":"Quem somos"},"content":{"rendered":"<p style=\"text-align: justify;\">Este \u00e9 um site n\u00e3o-oficial sobre o <strong><a href=\"http:\/\/www.guiabutanta.com\/instituto-butantan\/quem-somos\/\">Instituto Butantan<\/a><\/strong>. Nosso objetivo \u00e9 estabelecer um canal de comunica\u00e7\u00e3o para pessoas que desejam esclarecer d\u00favidas e conhecer a estrutura e as atividades desenvolvidas pelo Butantan. Aqui voc\u00ea vai encontrar as principais informa\u00e7\u00f5es sobre Visita\u00e7\u00e3o, Ingressos, Museus, Vacinas, Exposi\u00e7\u00f5es, Coleta de Animais e muito mais.<\/p>\n<p><!--OffBfLastPara--><\/p>\n","protected":false},"excerpt":{"rendered":"<p>Este \u00e9 um site n\u00e3o-oficial sobre o Instituto Butantan. Nosso objetivo \u00e9 estabelecer um canal de comunica\u00e7\u00e3o para pessoas que desejam esclarecer d\u00favidas e conhecer a estrutura e as atividades desenvolvidas pelo Butantan. Aqui voc\u00ea vai encontrar as principais informa\u00e7\u00f5es&hellip;  <\/p>\n<p class=\"more-link\"><a href=\"https:\/\/www.guiabutanta.com\/instituto-butantan\/quem-somos\/\">Continue lendo <span class=\"meta-nav\">&rarr;<\/span><\/a><\/p>\n","protected":false},"author":1,"featured_media":0,"parent":0,"menu_order":0,"comment_status":"closed","ping_status":"closed","template":"","meta":{"footnotes":""},"class_list":["post-1079","page","type-page","status-publish","hentry"],"aioseo_notices":[],"_links":{"self":[{"href":"https:\/\/www.guiabutanta.com\/instituto-butantan\/wp-json\/wp\/v2\/pages\/1079","targetHints":{"allow":["GET"]}}],"collection":[{"href":"https:\/\/www.guiabutanta.com\/instituto-butantan\/wp-json\/wp\/v2\/pages"}],"about":[{"href":"https:\/\/www.guiabutanta.com\/instituto-butantan\/wp-json\/wp\/v2\/types\/page"}],"author":[{"embeddable":true,"href":"https:\/\/www.guiabutanta.com\/instituto-butantan\/wp-json\/wp\/v2\/users\/1"}],"replies":[{"embeddable":true,"href":"https:\/\/www.guiabutanta.com\/instituto-butantan\/wp-json\/wp\/v2\/comments?post=1079"}],"version-history":[{"count":3,"href":"https:\/\/www.guiabutanta.com\/instituto-butantan\/wp-json\/wp\/v2\/pages\/1079\/revisions"}],"predecessor-version":[{"id":1197,"href":"https:\/\/www.guiabutanta.com\/instituto-butantan\/wp-json\/wp\/v2\/pages\/1079\/revisions\/1197"}],"wp:attachment":[{"href":"https:\/\/www.guiabutanta.com\/instituto-butantan\/wp-json\/wp\/v2\/media?parent=1079"}],"curies":[{"name":"wp","href":"https:\/\/api.w.org\/{rel}","templated":true}]}}