{"id":116,"date":"2013-10-24T17:49:31","date_gmt":"2013-10-24T19:49:31","guid":{"rendered":"http:\/\/www.guiabutanta.com\/instituto-butantan\/?page_id=116"},"modified":"2018-05-18T09:12:33","modified_gmt":"2018-05-18T12:12:33","slug":"contato-instituto-butantan","status":"publish","type":"page","link":"https:\/\/www.guiabutanta.com\/instituto-butantan\/contato-instituto-butantan\/","title":{"rendered":"Contato"},"content":{"rendered":"<p style=\"text-align: left;\">Quer falar com o <strong><a href=\"http:\/\/www.guiabutanta.com\/instituto-butantan\/\" target=\"_blank\" rel=\"noopener\">Instituto Butantan<\/a><\/strong>? Entre em <strong><a href=\"http:\/\/www.guiabutanta.com\/instituto-butantan\/contato-instituto-butantan\/\" target=\"_blank\" rel=\"noopener\">contato<\/a><\/strong>\u00a0pelos canais de atendimento.<\/p>\n<ul>\n<li>Telefone:\u00a0(11) 2627-9300<\/li>\n<li>E-mail: sac@butantan.gov.br<\/li>\n<li>Endere\u00e7o:\u00a0Avenida Vital Brasil, 1.500<\/li>\n<\/ul>\n<h2><span style=\"color: #008000;\">Hor\u00e1rio de funcionamento dos museus<\/span><\/h2>\n<ul>\n<li>Ter\u00e7a a domingo, das 9h \u00e0s 16h30<\/li>\n<\/ul>\n<h2><span style=\"color: #008000;\">Hor\u00e1rio de funcionamento do parque<\/span><\/h2>\n<ul>\n<li>Todos os dias, das 7h \u00e0s 18h<\/li>\n<li>Acesso gratuito<\/li>\n<\/ul>\n<p><!--OffBfLastPara--><\/p>\n","protected":false},"excerpt":{"rendered":"<p>Quer falar com o Instituto Butantan? Entre em contato\u00a0pelos canais de atendimento. Telefone:\u00a0(11) 2627-9300 E-mail: sac@butantan.gov.br Endere\u00e7o:\u00a0Avenida Vital Brasil, 1.500 Hor\u00e1rio de funcionamento dos museus Ter\u00e7a a domingo, das 9h \u00e0s 16h30 Hor\u00e1rio de funcionamento do parque Todos os dias,&hellip;  <\/p>\n<p class=\"more-link\"><a href=\"https:\/\/www.guiabutanta.com\/instituto-butantan\/contato-instituto-butantan\/\">Continue lendo <span class=\"meta-nav\">&rarr;<\/span><\/a><\/p>\n","protected":false},"author":1,"featured_media":0,"parent":0,"menu_order":0,"comment_status":"open","ping_status":"open","template":"","meta":{"footnotes":""},"class_list":["post-116","page","type-page","status-publish","hentry"],"aioseo_notices":[],"_links":{"self":[{"href":"https:\/\/www.guiabutanta.com\/instituto-butantan\/wp-json\/wp\/v2\/pages\/116","targetHints":{"allow":["GET"]}}],"collection":[{"href":"https:\/\/www.guiabutanta.com\/instituto-butantan\/wp-json\/wp\/v2\/pages"}],"about":[{"href":"https:\/\/www.guiabutanta.com\/instituto-butantan\/wp-json\/wp\/v2\/types\/page"}],"author":[{"embeddable":true,"href":"https:\/\/www.guiabutanta.com\/instituto-butantan\/wp-json\/wp\/v2\/users\/1"}],"replies":[{"embeddable":true,"href":"https:\/\/www.guiabutanta.com\/instituto-butantan\/wp-json\/wp\/v2\/comments?post=116"}],"version-history":[{"count":9,"href":"https:\/\/www.guiabutanta.com\/instituto-butantan\/wp-json\/wp\/v2\/pages\/116\/revisions"}],"predecessor-version":[{"id":1196,"href":"https:\/\/www.guiabutanta.com\/instituto-butantan\/wp-json\/wp\/v2\/pages\/116\/revisions\/1196"}],"wp:attachment":[{"href":"https:\/\/www.guiabutanta.com\/instituto-butantan\/wp-json\/wp\/v2\/media?parent=116"}],"curies":[{"name":"wp","href":"https:\/\/api.w.org\/{rel}","templated":true}]}}