{"id":1215,"date":"2019-10-24T15:37:38","date_gmt":"2019-10-24T18:37:38","guid":{"rendered":"http:\/\/www.guiabutanta.com\/instituto-butantan\/?page_id=1215"},"modified":"2022-04-12T13:49:27","modified_gmt":"2022-04-12T16:49:27","slug":"home","status":"publish","type":"page","link":"https:\/\/www.guiabutanta.com\/instituto-butantan\/","title":{"rendered":"Home"},"content":{"rendered":"<style><span data-mce-type=\"bookmark\" style=\"display: inline-block; width: 0px; overflow: hidden; line-height: 0;\" class=\"mce_SELRES_start\">\ufeff<\/span>.entry-header { display: none }<\/style>\n<p>O <strong>Instituto Butantan no Butant\u00e3<\/strong>, \u00e9 vinculado \u00e0 Secretaria de Estado da Sa\u00fade de S\u00e3o Paulo, e \u00e9 um dos maiores centros de pesquisa biom\u00e9dica do mundo, respons\u00e1vel por mais de 93% do total de soros e vacinas produzidas no Brasil, entre elas, vacina contra difteria, t\u00e9tano, coqueluche, hepatite B e influenza sazonal e H1N1.<\/p>\n<p>O Instituto desenvolve estudos e pesquisa b\u00e1sica na \u00e1rea de Biologia e de Biomedicina, relacionadas, direta ou indiretamente, com a sa\u00fade p\u00fablica.<\/p>\n<p>Produz vacinas e soros para uso profil\u00e1tico e curativo. Realiza miss\u00f5es cient\u00edficas no pa\u00eds e no exterior atrav\u00e9s da Organiza\u00e7\u00e3o Mundial e Panamericana da Sa\u00fade, Unicef e a ONU.<\/p>\n<p>Colabora no combate a surtos epid\u00eamicos com \u00f3rg\u00e3os da Secretaria da Sa\u00fade e do Minist\u00e9rio da Sa\u00fade, National Institute of Health, dos EUA, Bill &amp; Melinda Foundation, funda\u00e7\u00e3o do Bill Gates dedicada a pesquisa e a\u00e7\u00f5es comunit\u00e1rias em sa\u00fade.<\/p>\n<p>Al\u00e9m disso, o <strong>Butantan<\/strong> tamb\u00e9m realiza cursos e est\u00e1gios de aperfei\u00e7oamento aos t\u00e9cnicos do Butantan e de outras institui\u00e7\u00f5es e disponibiliza publica\u00e7\u00f5es sobre suas \u00e1reas de atua\u00e7\u00e3o, que s\u00e3o oferecidos a empresas, estudantes, militares e \u00e0 popula\u00e7\u00e3o em geral.<\/p>\n<p>O Butantan possui um bel\u00edssimo parque com cerca de 80 hectares e mais de 62% em \u00e1rea verde, atraindo mais de 300 mil pessoas anualmente, \u00e9 um dos principais pontos tur\u00edsticos da cidade de S\u00e3o Paulo. Al\u00e9m de possuir uma imagem centen\u00e1ria de qualidade, mant\u00e9m em seu parque um centro de exposi\u00e7\u00f5es os museus Biol\u00f3gico, Hist\u00f3rico, Microbiologia em seu parque e o quarto museu, o <strong>Museu do Em\u00edlio Ribas<\/strong>, especializado em hist\u00f3ria da sa\u00fade.<\/p>\n<p>Hoje, tem por princ\u00edpio o desenvolvimento harm\u00f4nico e integrado da pesquisa cient\u00edfica e tecnol\u00f3gica e a produ\u00e7\u00e3o de qualidade dos imunobiol\u00f3gicos. Esta qualidade e credibilidade dos trabalhos desenvolvidos na institui\u00e7\u00e3o espelham a compet\u00eancia de seus cientistas e t\u00e9cnicos, que nos seus 111 anos fazem o renome do Instituto Butantan.<\/p>\n<h3>Miss\u00e3o Instituto Butantan<\/h3>\n<p>&#8220;Desenvolver pesquisas e produtos que contribuam para o acesso a sa\u00fade, compartilhando conhecimento com a sociedade&#8221;<\/p>\n<h3>Instituto\u00a0Butant\u00e3 Hist\u00f3ria<\/h3>\n<p>Um surto de peste bub\u00f4nica que se propagava a partir do <a href=\"https:\/\/www.encontrasantos.com.br\/santos\/porto-de-santos.shtml\" target=\"_blank\" rel=\"noopener\">porto de Santos<\/a>, em 1899, levou a administra\u00e7\u00e3o p\u00fablica estadual a criar um laborat\u00f3rio de produ\u00e7\u00e3o de soro antipestoso, vinculado ao Instituto Bacteriol\u00f3gico (atual Adolpho Lutz). Esse laborat\u00f3rio, instalado na Fazenda Butantan, foi reconhecido como institui\u00e7\u00e3o aut\u00f4noma em fevereiro de 1901, sob a denomina\u00e7\u00e3o de Instituto Serumther\u00e1pico, sendo designado como seu primeiro diretor o m\u00e9dico Vital Brazil Mineiro da Campanha, estudioso dos problemas de sa\u00fade p\u00fablica,.<\/p>\n<p>Al\u00e9m da produ\u00e7\u00e3o de soros e vacinas, a pesquisa e a preocupa\u00e7\u00e3o em divulgar amplamente a ci\u00eancia e a atua\u00e7\u00e3o do Instituto sempre estiveram presentes em seu cotidiano, conferindo-lhe reconhecimento internacional. 114 anos depois de sua funda\u00e7\u00e3o, o Butantan \u00e9 um destacado centro de pesquisa biom\u00e9dica, que integra pesquisas cient\u00edfica e tecnol\u00f3gica, produ\u00e7\u00e3o de imunobiol\u00f3gicos e divulga\u00e7\u00e3o t\u00e9cnico-cient\u00edfica, buscando a permanente atualiza\u00e7\u00e3o e integra\u00e7\u00e3o de seus recursos e, com isso, a inova\u00e7\u00e3o.?<\/p>\n<h3>Hor\u00e1rio de Funcionamento\u00a0Instituto\u00a0Butant\u00e3<\/h3>\n<ul>\n<li>todos os dias das 08h \u00e0s 18h<\/li>\n<\/ul>\n<h3>Endere\u00e7o e Telefone\u00a0Insituto\u00a0Butant\u00e3<\/h3>\n<ul>\n<li>Av. Vital Brasil, 1500 \u2013 Butant\u00e3\u00a0\u2013 S\u00e3o Paulo \u2013 SP<\/li>\n<li>Telefone: (11)\u00a02627-9300<\/li>\n<\/ul>\n<h3>Outras informa\u00e7\u00f5es e site<\/h3>\n<ul>\n<li>Mais informa\u00e7\u00f5es:\u00a0<a href=\"http:\/\/www.butantan.gov.br\" target=\"_blank\" rel=\"noopener noreferrer\">www.butantan.gov.br<\/a><\/li>\n<\/ul>\n<p><a href=\"http:\/\/www.guiabutanta.com\/instituto-butantan\/wp-content\/uploads\/2019\/10\/instituto-butanta-img.jpg\"><img loading=\"lazy\" decoding=\"async\" class=\"alignnone size-large wp-image-1222\" src=\"http:\/\/www.guiabutanta.com\/instituto-butantan\/wp-content\/uploads\/2019\/10\/instituto-butanta-img-1024x382.jpg\" alt=\"\" width=\"650\" height=\"242\" srcset=\"https:\/\/www.guiabutanta.com\/instituto-butantan\/wp-content\/uploads\/2019\/10\/instituto-butanta-img-1024x382.jpg 1024w, https:\/\/www.guiabutanta.com\/instituto-butantan\/wp-content\/uploads\/2019\/10\/instituto-butanta-img-300x112.jpg 300w, https:\/\/www.guiabutanta.com\/instituto-butantan\/wp-content\/uploads\/2019\/10\/instituto-butanta-img-768x286.jpg 768w, https:\/\/www.guiabutanta.com\/instituto-butantan\/wp-content\/uploads\/2019\/10\/instituto-butanta-img.jpg 1100w\" sizes=\"auto, (max-width: 650px) 100vw, 650px\" \/><\/a><\/p>\n","protected":false},"excerpt":{"rendered":"<p>O Instituto Butantan no Butant\u00e3, \u00e9 vinculado \u00e0 Secretaria de Estado da Sa\u00fade de S\u00e3o Paulo, e \u00e9 um dos maiores centros de pesquisa biom\u00e9dica do mundo, respons\u00e1vel por mais de 93% do total de soros e vacinas produzidas no&hellip;  <\/p>\n<p class=\"more-link\"><a href=\"https:\/\/www.guiabutanta.com\/instituto-butantan\/\">Continue lendo <span class=\"meta-nav\">&rarr;<\/span><\/a><\/p>\n","protected":false},"author":1,"featured_media":0,"parent":0,"menu_order":0,"comment_status":"closed","ping_status":"closed","template":"","meta":{"footnotes":""},"class_list":["post-1215","page","type-page","status-publish","hentry"],"aioseo_notices":[],"_links":{"self":[{"href":"https:\/\/www.guiabutanta.com\/instituto-butantan\/wp-json\/wp\/v2\/pages\/1215","targetHints":{"allow":["GET"]}}],"collection":[{"href":"https:\/\/www.guiabutanta.com\/instituto-butantan\/wp-json\/wp\/v2\/pages"}],"about":[{"href":"https:\/\/www.guiabutanta.com\/instituto-butantan\/wp-json\/wp\/v2\/types\/page"}],"author":[{"embeddable":true,"href":"https:\/\/www.guiabutanta.com\/instituto-butantan\/wp-json\/wp\/v2\/users\/1"}],"replies":[{"embeddable":true,"href":"https:\/\/www.guiabutanta.com\/instituto-butantan\/wp-json\/wp\/v2\/comments?post=1215"}],"version-history":[{"count":10,"href":"https:\/\/www.guiabutanta.com\/instituto-butantan\/wp-json\/wp\/v2\/pages\/1215\/revisions"}],"predecessor-version":[{"id":1230,"href":"https:\/\/www.guiabutanta.com\/instituto-butantan\/wp-json\/wp\/v2\/pages\/1215\/revisions\/1230"}],"wp:attachment":[{"href":"https:\/\/www.guiabutanta.com\/instituto-butantan\/wp-json\/wp\/v2\/media?parent=1215"}],"curies":[{"name":"wp","href":"https:\/\/api.w.org\/{rel}","templated":true}]}}