{"id":6,"date":"2013-08-21T15:50:09","date_gmt":"2013-08-21T18:50:09","guid":{"rendered":"http:\/\/www.guiabutanta.com\/instituto-butantan\/?page_id=6"},"modified":"2015-10-01T10:07:19","modified_gmt":"2015-10-01T13:07:19","slug":"cultura","status":"publish","type":"page","link":"https:\/\/www.guiabutanta.com\/instituto-butantan\/cultura\/","title":{"rendered":"Cultura"},"content":{"rendered":"<p style=\"text-align: justify;\">No <strong><a href=\"http:\/\/www.guiabutanta.com\/instituto-butantan\/\" target=\"_blank\">Instituto Butantan<\/a><\/strong> funciona o Centro de Desenvolvimento Cultural, um setor que cuida dos assuntos relacionados a atividades culturais do Instituto. Essa \u00e1rea projeta suas a\u00e7\u00f5es de divulga\u00e7\u00e3o a partir de pesquisas realizadas em Educa\u00e7\u00e3o, Museologia e Hist\u00f3ria da Ci\u00eancia e da Sa\u00fade.<\/p>\n<p style=\"text-align: justify;\">\u00c9 atrav\u00e9s de projetos estruturados pelo <strong><a href=\"http:\/\/www.guiabutanta.com\/instituto-butantan\/cultura\/\" target=\"_blank\">centro de cultura do Butant\u00e3<\/a><\/strong> que todo o material cient\u00edfico gerado pela institui\u00e7\u00e3o \u00e9 levado ao conhecimento da popula\u00e7\u00e3o. Ficam \u00e0 disposi\u00e7\u00e3o para consulta e pesquisa o acervo no N\u00facleo de Documenta\u00e7\u00e3o, na Biblioteca, nas atividades de educa\u00e7\u00e3o e divulga\u00e7\u00e3o e tamb\u00e9m nos museus.<\/p>\n<p><a href=\"http:\/\/www.guiabutanta.com\/instituto-butantan\/cultura\/\" target=\"_blank\"><img loading=\"lazy\" decoding=\"async\" class=\"aligncenter wp-image-39\" title=\"Cultura no Instituto Butantan\" src=\"http:\/\/www.guiabutanta.com\/instituto-butantan\/wp-content\/uploads\/2013\/09\/parque-instituto-butanta.jpg\" alt=\"O Instituto Butant\u00e3\" width=\"347\" height=\"225\" srcset=\"https:\/\/www.guiabutanta.com\/instituto-butantan\/wp-content\/uploads\/2013\/09\/parque-instituto-butanta.jpg 620w, https:\/\/www.guiabutanta.com\/instituto-butantan\/wp-content\/uploads\/2013\/09\/parque-instituto-butanta-300x194.jpg 300w\" sizes=\"auto, (max-width: 347px) 100vw, 347px\" \/><\/a><\/p>\n<h2><span style=\"color: #008000;\">Exposi\u00e7\u00f5es do Instituto Butantan<\/span><\/h2>\n<p style=\"text-align: justify;\">Em pararelo aos museus, o Centro de Desenvolvimento Cultural do <em><a href=\"https:\/\/pt.wikipedia.org\/wiki\/Instituto_Butantan\" target=\"_blank\">Instituto Butantan<\/a><\/em> organiza tr\u00eas exposi\u00e7\u00f5es:<\/p>\n<p style=\"text-align: justify;\">&#8211; Exposi\u00e7\u00e3o <i>Butantan Itinerante<\/i>, cujo acervo \u00e9 apresentado em institui\u00e7\u00f5es, escolas e eventos<\/p>\n<p style=\"text-align: justify;\">&#8211; Exposi\u00e7\u00e3o <i>Parada Butantan<\/i>, na Esta\u00e7\u00e3o Ci\u00eancia da USP<\/p>\n<p style=\"text-align: justify;\">&#8211; Exposi\u00e7\u00e3o permanente no projeto Sabina Escola Parque do Conhecimento, em Santo Andr\u00e9\/SP<\/p>\n<p style=\"text-align: justify;\">Al\u00e9m disso, o Centro de Desenvolvimento Cultural do Butant\u00e3 \u00e9 respons\u00e1vel por cuidar das \u00e1reas a seguir:<\/p>\n<p style=\"text-align: justify;\">\u2022 Biblioteca<\/p>\n<p style=\"text-align: justify;\">\u2022\u00a0Museu Biol\u00f3gico<\/p>\n<p style=\"text-align: justify;\">\u2022\u00a0Museu de Microbiologia<\/p>\n<p style=\"text-align: justify;\">\u2022\u00a0Museu de Sa\u00fade P\u00fablica \u201cEm\u00edlio Ribas\u201d<\/p>\n<p style=\"text-align: justify;\">\u2022\u00a0Museu Hist\u00f3rico<\/p>\n<p style=\"text-align: justify;\">\u2022\u00a0N\u00facleo de Documenta\u00e7\u00e3o<\/p>\n<p style=\"text-align: justify;\">\u2022\u00a0N\u00facleo de Produ\u00e7\u00f5es T\u00e9cnicas<\/p>\n<p style=\"text-align: justify;\">\u2022\u00a0N\u00facleo de Difus\u00e3o do Conhecimento<\/p>\n<p style=\"text-align: justify;\">\u2022\u00a0N\u00facleo de Suporte Operacional<\/p>\n<p style=\"text-align: justify;\">\u2022\u00a0Laborat\u00f3rio de Difus\u00e3o do Conhecimento<\/p>\n<p style=\"text-align: justify;\">\u2022\u00a0N\u00facleo de Suporte Operacional<\/p>\n<p style=\"text-align: justify;\">\u2022\u00a0Laborat\u00f3rio Especial de Hist\u00f3ria da Ci\u00eancia<\/p>\n<h2><span style=\"color: #008000;\">Centro de Desenvolvimento Cultural do Butantan<\/span><\/h2>\n<p style=\"text-align: justify;\">Respons\u00e1vel: Carlos Wendel de Magalh\u00e3es<\/p>\n<p style=\"text-align: justify;\">PABX: (11) 2627-9504<\/p>\n<p style=\"text-align: justify;\">E-mail: cultural@butantan.gov.br<\/p>\n","protected":false},"excerpt":{"rendered":"<p>No Instituto Butantan funciona o Centro de Desenvolvimento Cultural, um setor que cuida dos assuntos relacionados a atividades culturais do Instituto. Essa \u00e1rea projeta suas a\u00e7\u00f5es de divulga\u00e7\u00e3o a partir de pesquisas realizadas em Educa\u00e7\u00e3o, Museologia e Hist\u00f3ria da Ci\u00eancia&hellip;  <\/p>\n<p class=\"more-link\"><a href=\"https:\/\/www.guiabutanta.com\/instituto-butantan\/cultura\/\">Continue lendo <span class=\"meta-nav\">&rarr;<\/span><\/a><\/p>\n","protected":false},"author":1,"featured_media":0,"parent":0,"menu_order":1,"comment_status":"open","ping_status":"open","template":"","meta":{"footnotes":""},"class_list":["post-6","page","type-page","status-publish","hentry"],"aioseo_notices":[],"_links":{"self":[{"href":"https:\/\/www.guiabutanta.com\/instituto-butantan\/wp-json\/wp\/v2\/pages\/6","targetHints":{"allow":["GET"]}}],"collection":[{"href":"https:\/\/www.guiabutanta.com\/instituto-butantan\/wp-json\/wp\/v2\/pages"}],"about":[{"href":"https:\/\/www.guiabutanta.com\/instituto-butantan\/wp-json\/wp\/v2\/types\/page"}],"author":[{"embeddable":true,"href":"https:\/\/www.guiabutanta.com\/instituto-butantan\/wp-json\/wp\/v2\/users\/1"}],"replies":[{"embeddable":true,"href":"https:\/\/www.guiabutanta.com\/instituto-butantan\/wp-json\/wp\/v2\/comments?post=6"}],"version-history":[{"count":16,"href":"https:\/\/www.guiabutanta.com\/instituto-butantan\/wp-json\/wp\/v2\/pages\/6\/revisions"}],"predecessor-version":[{"id":1012,"href":"https:\/\/www.guiabutanta.com\/instituto-butantan\/wp-json\/wp\/v2\/pages\/6\/revisions\/1012"}],"wp:attachment":[{"href":"https:\/\/www.guiabutanta.com\/instituto-butantan\/wp-json\/wp\/v2\/media?parent=6"}],"curies":[{"name":"wp","href":"https:\/\/api.w.org\/{rel}","templated":true}]}}