{"id":899,"date":"2015-07-02T13:45:26","date_gmt":"2015-07-02T16:45:26","guid":{"rendered":"http:\/\/www.guiabutanta.com\/instituto-butantan\/?page_id=899"},"modified":"2016-01-11T12:17:18","modified_gmt":"2016-01-11T14:17:18","slug":"privacidade","status":"publish","type":"page","link":"https:\/\/www.guiabutanta.com\/instituto-butantan\/privacidade\/","title":{"rendered":"Privacidade"},"content":{"rendered":"<h3 style=\"text-align: justify;\"><span style=\"color: #0000ff;\">Pol\u00edtica de privacidade para\u00a0o site\u00a0Instituto Butant\u00e3<\/span><\/h3>\n<p style=\"text-align: justify;\">Todas as suas informa\u00e7\u00f5es pessoais recolhidas pelo <strong><a href=\"http:\/\/www.guiabutanta.com\/instituto-butantan\/\" target=\"_blank\">www.guiabutanta.com\/instituto-butantan<\/a><\/strong>, ser\u00e3o usadas para ajuda-lo a tornar a sua visita no nosso site mais produtiva e agrad\u00e1vel. A garantia da confidencialidade dos dados pessoais dos usu\u00e1rios do site \u00e9 extremamente importante para n\u00f3s.<\/p>\n<p style=\"text-align: justify;\">Os dados pessoais relacionados a membros, assinantes, clientes ou visitantes que usem o site\u00a0Instituto Butant\u00e3 ser\u00e3o tratadas em concord\u00e2ncia com a Lei da Prote\u00e7\u00e3o de Dados Pessoais de 26 de outubro de 1998 (Lei n.\u00ba 67\/98). Os registros pessoais podem incluir o seu nome, e-mail, n\u00famero de telefone fixo e\/ou celular, endere\u00e7o, data de nascimento, entre outros.<\/p>\n<p style=\"text-align: justify;\">O uso do site\u00a0Instituto Butant\u00e3\u00a0pressup\u00f5e a aceita\u00e7\u00e3o deste Acordo de Privacidade. O site Instituto Butant\u00e3 reserva-se ao direito de alterar este acordo sem aviso pr\u00e9vio. Deste modo, recomendamos que consulte a nossa pol\u00edtica de\u00a0privacidade com frequ\u00eancia para manter-se sempre atualizado das informa\u00e7\u00f5es.<\/p>\n<h3 style=\"text-align: justify;\"><span style=\"color: #0000ff;\">An\u00fancios<\/span><\/h3>\n<p style=\"text-align: justify;\">Assim como em outras p\u00e1ginas na internet, coletamos e utilizamos informa\u00e7\u00e3o contida em an\u00fancios. A informa\u00e7\u00e3o presente nos an\u00fancios inclui o seu endere\u00e7o IP (Internet Protocol), o seu ISP (Internet Service Provider = Provedor de Internet), o navegador que voc\u00ea utilizou ao visitar o nosso site (Google Chrome, Mozilla Firefox), o tempo da sua visita e que p\u00e1ginas visitou dentro do nosso site.<\/p>\n<h3 style=\"text-align: justify;\"><span style=\"color: #0000ff;\">Cookie DoubleClick Dart<\/span><\/h3>\n<p style=\"text-align: justify;\">O Google, como fornecedor de terceiros, utiliza <em>cookies<\/em> para exibir an\u00fancios no nosso site. Com o <em>cookie<\/em> DART, o Google pode exibir an\u00fancios com base nas visitas que o leitor fez a outros sites na Internet. Os usu\u00e1rios podem desativar o <em>cookie<\/em> DART visitando a Pol\u00edtica de Privacidade da rede de conte\u00fado e dos an\u00fancios do Google.<\/p>\n<h3 style=\"text-align: justify;\"><span style=\"color: #0000ff;\">Cookies e Web Beacons<\/span><\/h3>\n<p style=\"text-align: justify;\">Utilizamos <em>cookies<\/em> para armazenar informa\u00e7\u00f5es relacionadas \u00e0s suas prefer\u00eancias pessoas quando voc\u00ea visita o nosso site. Isso pode incluir um <em>popup<\/em>, um an\u00fancio espec\u00edfico ou uma conex\u00e3o com outros servi\u00e7os parceiros.<\/p>\n<p style=\"text-align: justify;\">Al\u00e9m disso, tamb\u00e9m utilizamos publicidade de terceiros no nosso site. Alguns desses anunciantes poder\u00e3o utilizar tecnologias como os <em>cookies<\/em> e\/ou <em>web beacons<\/em> quando anunciarem no nosso site. Isso far\u00e1 com que esses anunciantes (como o Google atrav\u00e9s do Google AdSense) tamb\u00e9m recebam a sua informa\u00e7\u00e3o pessoal, como o endere\u00e7o IP, o seu ISP, o seu navegador, entre outros. Essa fun\u00e7\u00e3o \u00e9 geralmente utilizada para <em>geotargeting<\/em> (mostrar publicidade segmentada por local) ou apresentar publicidade direcionada a um tipo espec\u00edfico de visitante (como exibir publicidade de passagens a\u00e9reas a um visitante que acessa sites de viagens regularmente).<\/p>\n<p style=\"text-align: justify;\">Voc\u00ea pode\u00a0desativar os seus <em>cookies <\/em>quando quiser, nas op\u00e7\u00f5es do seu navegador, ou efetuando altera\u00e7\u00f5es nas ferramentas de programas Anti-Virus, como o Norton Internet Security e o AVG Antivirus. No entanto, isso poder\u00e1 alterar a forma como voc\u00ea interage com o nosso site e com outros sites.<\/p>\n<h3 style=\"text-align: justify;\"><span style=\"color: #0000ff;\">Liga\u00e7\u00f5es a Sites de terceiros<\/span><\/h3>\n<p style=\"text-align: justify;\">O site\u00a0<em>Instituto Butant\u00e3<\/em>\u00a0possui liga\u00e7\u00f5es para outros sites que podem conter informa\u00e7\u00f5es ou ferramentas \u00fateis para os nossos visitantes. A nossa Pol\u00edtica de Privacidade n\u00e3o \u00e9 aplicada a sites de terceiros. Caso visite outro site a partir a nossa p\u00e1gina, voc\u00ea dever\u00e1 ler a pol\u00edtica de privacidade dele. N\u00e3o nos responsabilizamos pela pol\u00edtica de privacidade ou conte\u00fado presente em sites de terceiros.<\/p>\n","protected":false},"excerpt":{"rendered":"<p>Pol\u00edtica de privacidade para\u00a0o site\u00a0Instituto Butant\u00e3 Todas as suas informa\u00e7\u00f5es pessoais recolhidas pelo www.guiabutanta.com\/instituto-butantan, ser\u00e3o usadas para ajuda-lo a tornar a sua visita no nosso site mais produtiva e agrad\u00e1vel. A garantia da confidencialidade dos dados pessoais dos usu\u00e1rios do&hellip;  <\/p>\n<p class=\"more-link\"><a href=\"https:\/\/www.guiabutanta.com\/instituto-butantan\/privacidade\/\">Continue lendo <span class=\"meta-nav\">&rarr;<\/span><\/a><\/p>\n","protected":false},"author":1,"featured_media":0,"parent":0,"menu_order":10,"comment_status":"open","ping_status":"open","template":"","meta":{"footnotes":""},"class_list":["post-899","page","type-page","status-publish","hentry"],"aioseo_notices":[],"_links":{"self":[{"href":"https:\/\/www.guiabutanta.com\/instituto-butantan\/wp-json\/wp\/v2\/pages\/899","targetHints":{"allow":["GET"]}}],"collection":[{"href":"https:\/\/www.guiabutanta.com\/instituto-butantan\/wp-json\/wp\/v2\/pages"}],"about":[{"href":"https:\/\/www.guiabutanta.com\/instituto-butantan\/wp-json\/wp\/v2\/types\/page"}],"author":[{"embeddable":true,"href":"https:\/\/www.guiabutanta.com\/instituto-butantan\/wp-json\/wp\/v2\/users\/1"}],"replies":[{"embeddable":true,"href":"https:\/\/www.guiabutanta.com\/instituto-butantan\/wp-json\/wp\/v2\/comments?post=899"}],"version-history":[{"count":2,"href":"https:\/\/www.guiabutanta.com\/instituto-butantan\/wp-json\/wp\/v2\/pages\/899\/revisions"}],"predecessor-version":[{"id":1083,"href":"https:\/\/www.guiabutanta.com\/instituto-butantan\/wp-json\/wp\/v2\/pages\/899\/revisions\/1083"}],"wp:attachment":[{"href":"https:\/\/www.guiabutanta.com\/instituto-butantan\/wp-json\/wp\/v2\/media?parent=899"}],"curies":[{"name":"wp","href":"https:\/\/api.w.org\/{rel}","templated":true}]}}