{"id":23342,"date":"2017-12-07T21:40:54","date_gmt":"2017-12-08T00:40:54","guid":{"rendered":"http:\/\/www.guiabutanta.com\/sobre\/?page_id=23342"},"modified":"2019-10-24T15:21:10","modified_gmt":"2019-10-24T18:21:10","slug":"instituto-butanta","status":"publish","type":"page","link":"https:\/\/www.guiabutanta.com\/sobre\/instituto-butanta\/","title":{"rendered":"Instituto Butant\u00e3"},"content":{"rendered":"<p>O <strong>Instituto Butant\u00e3<\/strong> \u00e9 um destacado centro de pesquisa biol\u00f3gica localizado no bairro do Butant\u00e3, na zona oeste cidade de S\u00e3o Paulo. \u00c9 uma institui\u00e7\u00e3o p\u00fablica estadual, ligada \u00e0 Secretaria de Estado da Sa\u00fade de S\u00e3o Paulo desde sua funda\u00e7\u00e3o.<\/p>\n<p><img loading=\"lazy\" decoding=\"async\" class=\"alignleft wp-image-23343 size-full\" src=\"http:\/\/www.guiabutanta.com\/sobre\/wp-content\/uploads\/2017\/12\/instituto-butanta.jpg\" alt=\"Instituto Butant\u00e3\" width=\"680\" height=\"189\" srcset=\"https:\/\/www.guiabutanta.com\/sobre\/wp-content\/uploads\/2017\/12\/instituto-butanta.jpg 680w, https:\/\/www.guiabutanta.com\/sobre\/wp-content\/uploads\/2017\/12\/instituto-butanta-300x83.jpg 300w\" sizes=\"auto, (max-width: 680px) 100vw, 680px\" \/><\/p>\n<p><em>\u00a0<\/em><\/p>\n<p>&nbsp;<\/p>\n<p>&nbsp;<\/p>\n<p>&nbsp;<\/p>\n<p>&nbsp;<\/p>\n<p>&nbsp;<\/p>\n<h2><strong>Instituto\u00a0Butant\u00e3\u00a0Serpent\u00e1rio<\/strong><\/h2>\n<p>O <em>serpent\u00e1rio<\/em> \u00e9 uma das atra\u00e7\u00f5es mais visitadas do Instituto. Ligado ao Laborat\u00f3rio de Ecologia e Evolu\u00e7\u00e3o (LEEV) do Butantan, o espa\u00e7o, constru\u00eddo em 1912 e inaugurado em 1914, permite a observa\u00e7\u00e3o de serpentes da fauna brasileira em um ambiente semelhante ao habitat natural. Em seu espa\u00e7o s\u00e3o desenvolvidas pesquisas sobre biodiversidade e conserva\u00e7\u00e3o, al\u00e9m de atividades educativas.<\/p>\n<p><b>Projeto M\u00e3o na Cobra<\/b><\/p>\n<p>Desde 2007 acontece no serpent\u00e1rio a atividade \u201cM\u00e3o na cobra s\u00f3 no Butantan\u201d, cujo objetivo \u00e9 proporcionar aos visitantes a oportunidade de manipular falsas-corais e dormideiras. A atividade \u00e9 acompanhada por bi\u00f3logos, que esclarecem d\u00favidas sobre os animais, discutem o papel das serpentes na natureza e sua import\u00e2ncia para o homem.<\/p>\n<p>A atividade permite a manipula\u00e7\u00e3o de certas esp\u00e9cies de serpentes pela popula\u00e7\u00e3o com acompanhamento de especialistas que esclarecem d\u00favidas. A atividade ocorre em local pr\u00f3ximo ao Serpent\u00e1rio toda quinta-feira, das 14h30 \u00e0s 15h30. Atividade gratuita.<\/p>\n<h3>Instituto\u00a0Butant\u00e3 Hist\u00f3ria<\/h3>\n<p>Um surto de peste bub\u00f4nica que se propagava a partir do porto de Santos, em 1899, levou a administra\u00e7\u00e3o p\u00fablica estadual a criar um laborat\u00f3rio de produ\u00e7\u00e3o de soro antipestoso, vinculado ao Instituto Bacteriol\u00f3gico (atual Adolpho Lutz). Esse laborat\u00f3rio, instalado na Fazenda Butantan, foi reconhecido como institui\u00e7\u00e3o aut\u00f4noma em fevereiro de 1901, sob a denomina\u00e7\u00e3o de Instituto Serumther\u00e1pico, sendo designado como seu primeiro diretor o m\u00e9dico Vital Brazil Mineiro da Campanha, estudioso dos problemas de sa\u00fade p\u00fablica,.<\/p>\n<p>Al\u00e9m da produ\u00e7\u00e3o de soros e vacinas, a pesquisa e a preocupa\u00e7\u00e3o em divulgar amplamente a ci\u00eancia e a atua\u00e7\u00e3o do Instituto sempre estiveram presentes em seu cotidiano, conferindo-lhe reconhecimento internacional. 114 anos depois de sua funda\u00e7\u00e3o, o Butantan \u00e9 um destacado centro de pesquisa biom\u00e9dica, que integra pesquisas cient\u00edfica e tecnol\u00f3gica, produ\u00e7\u00e3o de imunobiol\u00f3gicos e divulga\u00e7\u00e3o t\u00e9cnico-cient\u00edfica, buscando a permanente atualiza\u00e7\u00e3o e integra\u00e7\u00e3o de seus recursos e, com isso, a inova\u00e7\u00e3o.?<\/p>\n<h3>Hor\u00e1rio de Funcionamento\u00a0Instituto\u00a0Butant\u00e3<\/h3>\n<ul>\n<li>todos os dias das 08h \u00e0s 18h<\/li>\n<\/ul>\n<h3>Endere\u00e7o e Telefone\u00a0Insituto\u00a0Butant\u00e3<\/h3>\n<ul>\n<li>Av. Vital Brasil, 1500 &#8211; Butant\u00e3\u00a0&#8211; S\u00e3o Paulo &#8211; SP<\/li>\n<li>Telefone: (11)\u00a02627-9300<\/li>\n<\/ul>\n<h3>Outras informa\u00e7\u00f5es e site<\/h3>\n<ul>\n<li>Mais informa\u00e7\u00f5es:\u00a0<a href=\"http:\/\/www.guiabutanta.com\/instituto-butantan\/\" target=\"_blank\" rel=\"noopener noreferrer\">www.guiabutanta.com\/instituto-butantan<\/a><\/li>\n<li>Mais informa\u00e7\u00f5es:\u00a0<a href=\"http:\/\/www.butantan.gov.br\" target=\"_blank\" rel=\"noopener noreferrer\">www.butantan.gov.br<\/a><\/li>\n<\/ul>\n<h4>Mapa de localiza\u00e7\u00e3o<\/h4>\n<a class=\"wp-colorbox-iframe\" href=\"https:\/\/www.google.com\/maps\/embed?pb=!1m14!1m8!1m3!1d14628.098751149455!2d-46.7183852!3d-23.5675568!3m2!1i1024!2i768!4f13.1!3m3!1m2!1s0x00xa5e53347b22d743a!2sInstituto+Butantan!5e0!3m2!1spt-BR!2sbr!4v1512693331818\"><img decoding=\"async\" src=\"http:\/\/www.guiabutanta.com\/imgs\/maps-post.png\"><\/a>\n","protected":false},"excerpt":{"rendered":"<p>O Instituto Butant\u00e3 \u00e9 um destacado centro de pesquisa biol\u00f3gica localizado no bairro do Butant\u00e3, na zona oeste cidade de S\u00e3o Paulo. \u00c9 uma institui\u00e7\u00e3o p\u00fablica estadual, ligada \u00e0 Secretaria de Estado da Sa\u00fade de S\u00e3o Paulo desde sua funda\u00e7\u00e3o. \u00a0 &nbsp; &nbsp; &nbsp; &nbsp; &nbsp; Instituto\u00a0Butant\u00e3\u00a0Serpent\u00e1rio O serpent\u00e1rio \u00e9 uma das atra\u00e7\u00f5es mais visitadas do Instituto. Ligado ao Laborat\u00f3rio de Ecologia e Evolu\u00e7\u00e3o (LEEV) do Butantan, o espa\u00e7o, constru\u00eddo em 1912 e inaugurado em 1914, permite a observa\u00e7\u00e3o de serpentes da fauna brasileira em um ambiente semelhante ao habitat natural. Em seu espa\u00e7o s\u00e3o desenvolvidas pesquisas sobre biodiversidade e <\/p>\n","protected":false},"author":1,"featured_media":0,"parent":0,"menu_order":0,"comment_status":"closed","ping_status":"closed","template":"","meta":{"footnotes":""},"class_list":["post-23342","page","type-page","status-publish","hentry"],"aioseo_notices":[],"_links":{"self":[{"href":"https:\/\/www.guiabutanta.com\/sobre\/wp-json\/wp\/v2\/pages\/23342","targetHints":{"allow":["GET"]}}],"collection":[{"href":"https:\/\/www.guiabutanta.com\/sobre\/wp-json\/wp\/v2\/pages"}],"about":[{"href":"https:\/\/www.guiabutanta.com\/sobre\/wp-json\/wp\/v2\/types\/page"}],"author":[{"embeddable":true,"href":"https:\/\/www.guiabutanta.com\/sobre\/wp-json\/wp\/v2\/users\/1"}],"replies":[{"embeddable":true,"href":"https:\/\/www.guiabutanta.com\/sobre\/wp-json\/wp\/v2\/comments?post=23342"}],"version-history":[{"count":0,"href":"https:\/\/www.guiabutanta.com\/sobre\/wp-json\/wp\/v2\/pages\/23342\/revisions"}],"wp:attachment":[{"href":"https:\/\/www.guiabutanta.com\/sobre\/wp-json\/wp\/v2\/media?parent=23342"}],"curies":[{"name":"wp","href":"https:\/\/api.w.org\/{rel}","templated":true}]}}